{"id":20,"date":"2020-05-27T19:39:01","date_gmt":"2020-05-27T19:39:01","guid":{"rendered":"http:\/\/gartenbau-reitzenstein.de\/?page_id=20"},"modified":"2023-09-26T06:37:09","modified_gmt":"2023-09-26T06:37:09","slug":"betriebsportrait","status":"publish","type":"page","link":"http:\/\/gaertnerei-reitzenstein.de\/?page_id=20","title":{"rendered":"Betriebsportrait"},"content":{"rendered":"<div class=\"wp-block-image is-style-rounded\">\n<figure class=\"alignright size-large\"><img decoding=\"async\" loading=\"lazy\" width=\"279\" height=\"225\" src=\"http:\/\/gartenbau-reitzenstein.de\/wp-content\/uploads\/2020\/06\/wp1f604a98_05_06.jpg\" alt=\"\" class=\"wp-image-1496\"\/><\/figure><\/div>\n\n\n<p><strong>Im Jahre 2005 verwirklichte ich, Bastian Reitzenstein, meinen Kindheitstraum\u2026<\/strong><\/p>\n\n\n\n<p><strong>&#8230;&nbsp;in meinem sch\u00f6nen Heimatort Rimpar (Landkreis W\u00fcrzburg) gr\u00fcndete ich eine eigene G\u00e4rtnerei mit Direktvermarktung.<\/strong><\/p>\n\n\n\n<p>Was zu Beginn als kleiner &#8222;Garagenverkauf&#8220; auf dem elterlichen Grundst\u00fcck ins Leben gerufen wurde, hat sich inzwischen zu einem eigenst\u00e4ndigen Familienbetrieb entwickelt.<\/p>\n\n\n\n<p>Seit 2007 pr\u00e4gen wir mit unserem Gem\u00fcseladen im Herzen Rimpars das Gesch\u00e4ftsleben der Marktgemeinde mit.<\/p>\n\n\n\n<p>Als 2008 unsere Anbaufl\u00e4chen voll ausgesch\u00f6pft waren, erweiterten wir diese und siedelten mit unserer G\u00e4rtnerei zur Rimparer Biogasanlage aus. <\/p>\n\n\n\n<p>Die Kombination Biogasanlage und G\u00e4rtnerei ist eine optimale Verbindung, um eine energiebewusste und umweltbewusste Produktion zu erm\u00f6glichen.<\/p>\n\n\n\n<p>In der Folgezeit konnten wir neben den Freilandfl\u00e4chen auch die Gew\u00e4chshausfl\u00e4che&nbsp;ausweiten und mehrere Glas- und Foliengew\u00e4chsh\u00e4user errichten. So k\u00f6nnen wir unseren Kunden &nbsp;eine gro\u00dfe Vielfalt an heimischem Gem\u00fcse anbieten!<\/p>\n\n\n\n<figure class=\"wp-block-image alignwide size-large\"><img decoding=\"async\" loading=\"lazy\" width=\"1024\" height=\"768\" src=\"http:\/\/gartenbau-reitzenstein.de\/wp-content\/uploads\/2020\/06\/IMG_9385-1024x768.jpeg\" alt=\"\" class=\"wp-image-1498\" srcset=\"http:\/\/gaertnerei-reitzenstein.de\/wp-content\/uploads\/2020\/06\/IMG_9385-1024x768.jpeg 1024w, http:\/\/gaertnerei-reitzenstein.de\/wp-content\/uploads\/2020\/06\/IMG_9385-300x225.jpeg 300w, http:\/\/gaertnerei-reitzenstein.de\/wp-content\/uploads\/2020\/06\/IMG_9385-768x576.jpeg 768w, http:\/\/gaertnerei-reitzenstein.de\/wp-content\/uploads\/2020\/06\/IMG_9385-1536x1152.jpeg 1536w, http:\/\/gaertnerei-reitzenstein.de\/wp-content\/uploads\/2020\/06\/IMG_9385-2048x1536.jpeg 2048w\" sizes=\"(max-width: 1024px) 100vw, 1024px\" \/><\/figure>\n\n\n\n<p>Im Februar 2012 wagten wir einen weiteren Schritt auf unserem Weg, unsere Produkte noch besser direkt vermarkten zu k\u00f6nnen. Wir \u00fcbernahmen auf dem W\u00fcrzburger \u201eUnteren Markt\u201c einen Marktstand. Unter dem Glasdach bieten wir jetzt auch in W\u00fcrzburg unser einheimisches Gem\u00fcse an.<\/p>\n\n\n\n<p>Eine weitere Verkaufsstelle konnten wir 2013 in der W\u00fcrzburger Sanderau in der Friedrich-Spee-Str. 20 (neben der Metzgerei Naser) \u00fcbernehmen.<\/p>\n\n\n\n<p>In den folgenden Jahren sind wir mit unserem Verkaufswagen auf den Wochenm\u00e4rkten in Gerbrunn und Veitsh\u00f6chheim und an jedem ersten Samstag im Monat auf dem <a href=\"https:\/\/www.wuerzburger-bauernmarkt.de\">&#8222;W\u00fcrzburger Bauernmarkt<\/a>&#8220; auf dem ehemaligen B\u00fcrgerbr\u00e4ugel\u00e4nde.<\/p>\n\n\n<div class=\"wp-block-image\">\n<figure class=\"alignright size-large is-resized\"><img decoding=\"async\" loading=\"lazy\" src=\"http:\/\/gartenbau-reitzenstein.de\/wp-content\/uploads\/2020\/06\/IMG_5090-1024x768.jpeg\" alt=\"\" class=\"wp-image-1504\" width=\"348\" height=\"261\" srcset=\"http:\/\/gaertnerei-reitzenstein.de\/wp-content\/uploads\/2020\/06\/IMG_5090-1024x768.jpeg 1024w, http:\/\/gaertnerei-reitzenstein.de\/wp-content\/uploads\/2020\/06\/IMG_5090-300x225.jpeg 300w, http:\/\/gaertnerei-reitzenstein.de\/wp-content\/uploads\/2020\/06\/IMG_5090-768x576.jpeg 768w, http:\/\/gaertnerei-reitzenstein.de\/wp-content\/uploads\/2020\/06\/IMG_5090-1536x1152.jpeg 1536w, http:\/\/gaertnerei-reitzenstein.de\/wp-content\/uploads\/2020\/06\/IMG_5090-2048x1536.jpeg 2048w\" sizes=\"(max-width: 348px) 100vw, 348px\" \/><\/figure><\/div>\n\n\n<p>Seit 2019 bieten wir unser Obst und Gem\u00fcse in den Sommermonaten auch an den Verkaufsh\u00fctten in Estenfeld am Kreisverkehr (B19) an, seit 2021 auch in Lengfeld am Blumenfeld und am W\u00f6llrieder Hof.<\/p>\n\n\n\n<div class=\"wp-block-group alignfull is-layout-flow\"><div class=\"wp-block-group__inner-container\"><\/div><\/div>\n\n\n\n<p>Begleitet wird unser Angebot in den Gem\u00fcsel\u00e4den und am Marktstand durch unseren <a href=\"https:\/\/oekobox-online.eu\/v3\/shop\/reizenstein\/std\/index.jsp?np=Warengruppen\/Gem%C3%BCse\"><strong><em>ONLINE-Shop<\/em><\/strong>, <\/a><\/p>\n\n\n\n<p>Hier k\u00f6nnen Sie rund um die Uhr unser frisches Obst und Gem\u00fcse vom G\u00e4rtner bestellen.<\/p>\n","protected":false},"excerpt":{"rendered":"<p>Im Jahre 2005 verwirklichte ich, Bastian Reitzenstein, meinen Kindheitstraum\u2026 &#8230;&nbsp;in meinem sch\u00f6nen Heimatort Rimpar (Landkreis W\u00fcrzburg) gr\u00fcndete ich eine eigene G\u00e4rtnerei mit Direktvermarktung. Was zu Beginn als kleiner &#8222;Garagenverkauf&#8220; auf &#8230;<\/p>\n","protected":false},"author":1,"featured_media":0,"parent":0,"menu_order":0,"comment_status":"closed","ping_status":"closed","template":"","meta":[],"_links":{"self":[{"href":"http:\/\/gaertnerei-reitzenstein.de\/index.php?rest_route=\/wp\/v2\/pages\/20"}],"collection":[{"href":"http:\/\/gaertnerei-reitzenstein.de\/index.php?rest_route=\/wp\/v2\/pages"}],"about":[{"href":"http:\/\/gaertnerei-reitzenstein.de\/index.php?rest_route=\/wp\/v2\/types\/page"}],"author":[{"embeddable":true,"href":"http:\/\/gaertnerei-reitzenstein.de\/index.php?rest_route=\/wp\/v2\/users\/1"}],"replies":[{"embeddable":true,"href":"http:\/\/gaertnerei-reitzenstein.de\/index.php?rest_route=%2Fwp%2Fv2%2Fcomments&post=20"}],"version-history":[{"count":16,"href":"http:\/\/gaertnerei-reitzenstein.de\/index.php?rest_route=\/wp\/v2\/pages\/20\/revisions"}],"predecessor-version":[{"id":1921,"href":"http:\/\/gaertnerei-reitzenstein.de\/index.php?rest_route=\/wp\/v2\/pages\/20\/revisions\/1921"}],"wp:attachment":[{"href":"http:\/\/gaertnerei-reitzenstein.de\/index.php?rest_route=%2Fwp%2Fv2%2Fmedia&parent=20"}],"curies":[{"name":"wp","href":"https:\/\/api.w.org\/{rel}","templated":true}]}}