{"id":1606,"date":"2020-06-01T17:13:07","date_gmt":"2020-06-01T17:13:07","guid":{"rendered":"http:\/\/gartenbau-reitzenstein.de\/?page_id=1606"},"modified":"2026-02-27T09:21:27","modified_gmt":"2026-02-27T09:21:27","slug":"verkaufshuetten","status":"publish","type":"page","link":"http:\/\/gaertnerei-reitzenstein.de\/?page_id=1606","title":{"rendered":"Verkaufsh\u00fctten"},"content":{"rendered":"\n<h2 class=\"wp-block-heading has-text-color\" style=\"color:#84a83e\">Obst und Gem\u00fcse kaufen wo\u00b4s w\u00e4chst<\/h2>\n\n\n\n<figure class=\"wp-block-gallery has-nested-images columns-default is-cropped wp-block-gallery-1 is-layout-flex\">\n<figure class=\"wp-block-image size-large\"><img decoding=\"async\" loading=\"lazy\" width=\"1024\" height=\"878\" data-id=\"1711\"  src=\"http:\/\/gaertnerei-reitzenstein.de\/wp-content\/uploads\/2020\/06\/IMG_4920-1024x878.jpeg\" alt=\"\" class=\"wp-image-1711\" srcset=\"http:\/\/gaertnerei-reitzenstein.de\/wp-content\/uploads\/2020\/06\/IMG_4920-1024x878.jpeg 1024w, http:\/\/gaertnerei-reitzenstein.de\/wp-content\/uploads\/2020\/06\/IMG_4920-300x257.jpeg 300w, http:\/\/gaertnerei-reitzenstein.de\/wp-content\/uploads\/2020\/06\/IMG_4920-768x659.jpeg 768w, http:\/\/gaertnerei-reitzenstein.de\/wp-content\/uploads\/2020\/06\/IMG_4920-1536x1317.jpeg 1536w, http:\/\/gaertnerei-reitzenstein.de\/wp-content\/uploads\/2020\/06\/IMG_4920.jpeg 2042w\" sizes=\"(max-width: 1024px) 100vw, 1024px\" \/><\/figure>\n\n\n\n<figure class=\"wp-block-image size-large\"><img decoding=\"async\" loading=\"lazy\" width=\"194\" height=\"146\" data-id=\"1645\"  src=\"http:\/\/gaertnerei-reitzenstein.de\/wp-content\/uploads\/2020\/06\/huette_verkauf-1.png\" alt=\"\" class=\"wp-image-1645\"\/><\/figure>\n\n\n\n<figure class=\"wp-block-image size-large\"><img decoding=\"async\" loading=\"lazy\" width=\"1024\" height=\"683\" data-id=\"1647\"  src=\"http:\/\/gaertnerei-reitzenstein.de\/wp-content\/uploads\/2020\/06\/IMG_0098-1024x683.jpg\" alt=\"\" class=\"wp-image-1647\" srcset=\"http:\/\/gaertnerei-reitzenstein.de\/wp-content\/uploads\/2020\/06\/IMG_0098-1024x683.jpg 1024w, http:\/\/gaertnerei-reitzenstein.de\/wp-content\/uploads\/2020\/06\/IMG_0098-300x200.jpg 300w, http:\/\/gaertnerei-reitzenstein.de\/wp-content\/uploads\/2020\/06\/IMG_0098-768x512.jpg 768w, http:\/\/gaertnerei-reitzenstein.de\/wp-content\/uploads\/2020\/06\/IMG_0098-1536x1024.jpg 1536w, http:\/\/gaertnerei-reitzenstein.de\/wp-content\/uploads\/2020\/06\/IMG_0098-2048x1365.jpg 2048w\" sizes=\"(max-width: 1024px) 100vw, 1024px\" \/><\/figure>\n\n\n\n<figure class=\"wp-block-image size-large\"><img decoding=\"async\" loading=\"lazy\" width=\"1024\" height=\"768\" data-id=\"1709\"  src=\"http:\/\/gaertnerei-reitzenstein.de\/wp-content\/uploads\/2020\/06\/IMG_5777-1024x768.jpeg\" alt=\"\" class=\"wp-image-1709\" srcset=\"http:\/\/gaertnerei-reitzenstein.de\/wp-content\/uploads\/2020\/06\/IMG_5777-1024x768.jpeg 1024w, http:\/\/gaertnerei-reitzenstein.de\/wp-content\/uploads\/2020\/06\/IMG_5777-300x225.jpeg 300w, http:\/\/gaertnerei-reitzenstein.de\/wp-content\/uploads\/2020\/06\/IMG_5777-768x576.jpeg 768w, http:\/\/gaertnerei-reitzenstein.de\/wp-content\/uploads\/2020\/06\/IMG_5777-1536x1152.jpeg 1536w, http:\/\/gaertnerei-reitzenstein.de\/wp-content\/uploads\/2020\/06\/IMG_5777-2048x1536.jpeg 2048w\" sizes=\"(max-width: 1024px) 100vw, 1024px\" \/><\/figure>\n<\/figure>\n\n\n\n<h2 class=\"wp-block-heading\"><\/h2>\n\n\n\n<p><\/p>\n\n\n\n<h2 class=\"wp-block-heading has-text-color\" style=\"color:#84a83e\"><strong>Estenfeld <\/strong><\/h2>\n\n\n\n<p>am Kreisverkehr Estenfeld\/B19, beim Blumenfeld<\/p>\n\n\n\n<h3 class=\"wp-block-heading\"><strong>Unsere \u00d6ffnungszeiten<\/strong><\/h3>\n\n\n\n<p>Geschlossen<\/p>\n\n\n\n<p><\/p>\n\n\n\n<p><\/p>\n\n\n\n<h2 class=\"wp-block-heading\"><\/h2>\n\n\n\n<p><\/p>\n\n\n\n<p>       <\/p>\n\n\n\n<h2 class=\"wp-block-heading\"><strong><span style=\"color:#84a83e\" class=\"has-inline-color\">Lengfeld<\/span><\/strong><\/h2>\n\n\n\n<p>Heisenbergstra\u00dfe, am Blumenfeld<\/p>\n\n\n\n<h3 class=\"wp-block-heading\">Unsere \u00d6ffnungszeiten<\/h3>\n\n\n\n<p>Geschlossen<\/p>\n\n\n\n<p><\/p>\n\n\n\n<h2 class=\"wp-block-heading\"><\/h2>\n\n\n\n<p><\/p>\n\n\n\n<p>      <\/p>\n\n\n\n<p><\/p>\n\n\n\n<h2 class=\"wp-block-heading\"><strong><span style=\"color:#84a83e\" class=\"has-inline-color\">Selbstpfl\u00fcckfeld Gut W\u00f6llried <\/span><\/strong><\/h2>\n\n\n\n<p><\/p>\n\n\n\n<h3 class=\"wp-block-heading\"><strong>Unsere \u00d6ffnungszeiten<\/strong><\/h3>\n\n\n\n<p>Geschlossen<\/p>\n\n\n\n<p><\/p>\n","protected":false},"excerpt":{"rendered":"<p>Obst und Gem\u00fcse kaufen wo\u00b4s w\u00e4chst Estenfeld am Kreisverkehr Estenfeld\/B19, beim Blumenfeld Unsere \u00d6ffnungszeiten Geschlossen Lengfeld Heisenbergstra\u00dfe, am Blumenfeld Unsere \u00d6ffnungszeiten Geschlossen Selbstpfl\u00fcckfeld Gut W\u00f6llried Unsere \u00d6ffnungszeiten Geschlossen<\/p>\n","protected":false},"author":1,"featured_media":0,"parent":0,"menu_order":0,"comment_status":"closed","ping_status":"closed","template":"","meta":[],"_links":{"self":[{"href":"http:\/\/gaertnerei-reitzenstein.de\/index.php?rest_route=\/wp\/v2\/pages\/1606"}],"collection":[{"href":"http:\/\/gaertnerei-reitzenstein.de\/index.php?rest_route=\/wp\/v2\/pages"}],"about":[{"href":"http:\/\/gaertnerei-reitzenstein.de\/index.php?rest_route=\/wp\/v2\/types\/page"}],"author":[{"embeddable":true,"href":"http:\/\/gaertnerei-reitzenstein.de\/index.php?rest_route=\/wp\/v2\/users\/1"}],"replies":[{"embeddable":true,"href":"http:\/\/gaertnerei-reitzenstein.de\/index.php?rest_route=%2Fwp%2Fv2%2Fcomments&post=1606"}],"version-history":[{"count":41,"href":"http:\/\/gaertnerei-reitzenstein.de\/index.php?rest_route=\/wp\/v2\/pages\/1606\/revisions"}],"predecessor-version":[{"id":1970,"href":"http:\/\/gaertnerei-reitzenstein.de\/index.php?rest_route=\/wp\/v2\/pages\/1606\/revisions\/1970"}],"wp:attachment":[{"href":"http:\/\/gaertnerei-reitzenstein.de\/index.php?rest_route=%2Fwp%2Fv2%2Fmedia&parent=1606"}],"curies":[{"name":"wp","href":"https:\/\/api.w.org\/{rel}","templated":true}]}}