{"id":1605,"date":"2020-06-01T17:13:07","date_gmt":"2020-06-01T17:13:07","guid":{"rendered":"http:\/\/gartenbau-reitzenstein.de\/?page_id=1605"},"modified":"2026-03-09T06:01:10","modified_gmt":"2026-03-09T06:01:10","slug":"wochenmaerkte","status":"publish","type":"page","link":"http:\/\/gaertnerei-reitzenstein.de\/?page_id=1605","title":{"rendered":"Wochenm\u00e4rkte"},"content":{"rendered":"\n<h2 class=\"wp-block-heading has-text-color\" style=\"color:#84a83e\">Obst und Gem\u00fcse kaufen wo\u00b4s w\u00e4chst<\/h2>\n\n\n\n<figure class=\"wp-block-gallery has-nested-images columns-default is-cropped wp-block-gallery-1 is-layout-flex\">\n<figure class=\"wp-block-image size-large\"><img decoding=\"async\" loading=\"lazy\" width=\"1024\" height=\"768\" data-id=\"1830\"  src=\"http:\/\/gaertnerei-reitzenstein.de\/wp-content\/uploads\/2022\/07\/IMG_0240-1024x768.jpg\" alt=\"\" class=\"wp-image-1830\" srcset=\"http:\/\/gaertnerei-reitzenstein.de\/wp-content\/uploads\/2022\/07\/IMG_0240-1024x768.jpg 1024w, http:\/\/gaertnerei-reitzenstein.de\/wp-content\/uploads\/2022\/07\/IMG_0240-300x225.jpg 300w, http:\/\/gaertnerei-reitzenstein.de\/wp-content\/uploads\/2022\/07\/IMG_0240-768x576.jpg 768w, http:\/\/gaertnerei-reitzenstein.de\/wp-content\/uploads\/2022\/07\/IMG_0240-1536x1152.jpg 1536w, http:\/\/gaertnerei-reitzenstein.de\/wp-content\/uploads\/2022\/07\/IMG_0240-2048x1536.jpg 2048w\" sizes=\"(max-width: 1024px) 100vw, 1024px\" \/><\/figure>\n\n\n\n<figure class=\"wp-block-image size-large\"><img decoding=\"async\" loading=\"lazy\" width=\"500\" height=\"202\" data-id=\"1653\"  src=\"http:\/\/gaertnerei-reitzenstein.de\/wp-content\/uploads\/2020\/06\/verkauf_wochen3.jpg\" alt=\"\" class=\"wp-image-1653\" srcset=\"http:\/\/gaertnerei-reitzenstein.de\/wp-content\/uploads\/2020\/06\/verkauf_wochen3.jpg 500w, http:\/\/gaertnerei-reitzenstein.de\/wp-content\/uploads\/2020\/06\/verkauf_wochen3-300x121.jpg 300w\" sizes=\"(max-width: 500px) 100vw, 500px\" \/><\/figure>\n<\/figure>\n\n\n\n<h2 class=\"wp-block-heading has-text-color\" style=\"color:#84a83e\"><strong>Wochenmarkt in Waldb\u00fcttelbrunn<\/strong><\/h2>\n\n\n\n<p>Jeden Mittwoch auf dem Rathausvorplatz<br \/>\u00d6ffnungszeiten: <s>09:00 &#8211; 12:00 Uhr<\/s> .  Winterpause bis M\u00e4rz, erster Markt am 25.03.2026<\/p>\n\n\n\n<h2 class=\"wp-block-heading has-text-color\" style=\"color:#84a83e\"><strong>Wochenmarkt in H\u00f6chberg<\/strong><\/h2>\n\n\n\n<p>Jeden Freitag auf H\u00f6he Hauptstr. 74 <br \/>\u00d6ffnungszeiten: 09:00 &#8211; 12:30 Uhr <\/p>\n\n\n\n<h2 class=\"wp-block-heading has-text-color\" style=\"color:#84a83e\"><strong>Wochenmarkt in Veitsh\u00f6chheim<\/strong><\/h2>\n\n\n\n<p>Jeden Freitag auf dem Parkplatz vor den Mainfrankens\u00e4len <br \/>\u00d6ffnungszeiten: 09:00 &#8211; 13:00 Uhr<\/p>\n\n\n\n<h2 class=\"wp-block-heading has-text-color\" style=\"color:#84a83e\"><strong>Wochenmarkt in Gerbrunn<\/strong><\/h2>\n\n\n\n<p>Jeden Freitag im Pausenhof der Eichendorffschule Gerbrunn<br \/>\u00d6ffnungszeiten: 14:00 &#8211; 17:00 Uhr<\/p>\n\n\n\n<h2 class=\"wp-block-heading has-text-color\" style=\"color:#84a83e\"><strong>W\u00fcrzburger Bauernmarkt<\/strong><\/h2>\n\n\n\n<p>Jeden ersten Samstag im Monat auf dem B\u00fcrgerbr\u00e4ugel\u00e4nde<br \/>(W\u00fcrzburg\/Zellerau, Frankfurterstra\u00dfe ) &nbsp;<br \/>\u00d6ffnungszeiten: 08:00 &#8211; 12:30 Uhr<\/p>\n\n\n\n<h2 class=\"wp-block-heading has-text-color\" style=\"color:#84a83e\">Rottendorfer Bauernmarkt<\/h2>\n\n\n\n<p>Jeden zweiten Samstag im Monat auf dem Kirchplatz in Rottendorf<br \/>\u00d6ffnungszeiten: 09:00 &#8211; 12:00 Uhr<\/p>\n\n\n\n<h2 class=\"wp-block-heading\"><strong><span style=\"color:#84a83e\" class=\"has-inline-color\">Lengfelder Bauernmarkt<\/span><\/strong><\/h2>\n\n\n\n<p>Jeden vierten Samstag im Monat auf dem Vorplatz der K\u00fcrnachtalhalle in Lengfeld<br>\u00d6ffnungszeiten: 09:00 &#8211; 12:00 Uhr<\/p>\n","protected":false},"excerpt":{"rendered":"<p>Obst und Gem\u00fcse kaufen wo\u00b4s w\u00e4chst Wochenmarkt in Waldb\u00fcttelbrunn Jeden Mittwoch auf dem Rathausvorplatz\u00d6ffnungszeiten: 09:00 &#8211; 12:00 Uhr . Winterpause bis M\u00e4rz, erster Markt am 25.03.2026 Wochenmarkt in H\u00f6chberg Jeden &#8230;<\/p>\n","protected":false},"author":1,"featured_media":0,"parent":0,"menu_order":0,"comment_status":"closed","ping_status":"closed","template":"","meta":[],"_links":{"self":[{"href":"http:\/\/gaertnerei-reitzenstein.de\/index.php?rest_route=\/wp\/v2\/pages\/1605"}],"collection":[{"href":"http:\/\/gaertnerei-reitzenstein.de\/index.php?rest_route=\/wp\/v2\/pages"}],"about":[{"href":"http:\/\/gaertnerei-reitzenstein.de\/index.php?rest_route=\/wp\/v2\/types\/page"}],"author":[{"embeddable":true,"href":"http:\/\/gaertnerei-reitzenstein.de\/index.php?rest_route=\/wp\/v2\/users\/1"}],"replies":[{"embeddable":true,"href":"http:\/\/gaertnerei-reitzenstein.de\/index.php?rest_route=%2Fwp%2Fv2%2Fcomments&post=1605"}],"version-history":[{"count":25,"href":"http:\/\/gaertnerei-reitzenstein.de\/index.php?rest_route=\/wp\/v2\/pages\/1605\/revisions"}],"predecessor-version":[{"id":1975,"href":"http:\/\/gaertnerei-reitzenstein.de\/index.php?rest_route=\/wp\/v2\/pages\/1605\/revisions\/1975"}],"wp:attachment":[{"href":"http:\/\/gaertnerei-reitzenstein.de\/index.php?rest_route=%2Fwp%2Fv2%2Fmedia&parent=1605"}],"curies":[{"name":"wp","href":"https:\/\/api.w.org\/{rel}","templated":true}]}}