{"id":1543,"date":"2020-06-01T15:28:27","date_gmt":"2020-06-01T15:28:27","guid":{"rendered":"http:\/\/gartenbau-reitzenstein.de\/?page_id=1543"},"modified":"2024-10-25T18:04:23","modified_gmt":"2024-10-25T18:04:23","slug":"kontakt-impressum","status":"publish","type":"page","link":"http:\/\/gaertnerei-reitzenstein.de\/?page_id=1543","title":{"rendered":"Kontakt\/Impressum\/AGB"},"content":{"rendered":"\n<h2 class=\"wp-block-heading\">Kontakt <\/h2>\n\n\n\n<h4 class=\"wp-block-heading\">G\u00e4rtnerei Reitzenstein<\/h4>\n\n\n\n<p>Sch\u00e4fereistr. 20 a<br>97222 Rimpar <br>Telefon: 0176 47335194<br>Fax:         09365 890365 <\/p>\n\n\n\n<p>E-Mail: <a href=\"mailto:info@gaertnerei-reitzenstein.de\">info@gaertnerei-reitzenstein.de<\/a> <\/p>\n\n\n\n<p>Inhaber:<br>Bastian Reitzenstein<br>Inhaltlich Verantwortlicher gem\u00e4\u00df \u00a7 55 Abs- 2 RStV: Bastian Reitzenstein<\/p>\n\n\n\n<p><\/p>\n\n\n\n<p><\/p>\n\n\n\n<h2 class=\"wp-block-heading\">Impressum<\/h2>\n\n\n\n<h4 class=\"wp-block-heading\">Rechtliche Hinweise<\/h4>\n\n\n\n<p>Die Nutzung dieses Angebotes unterliegt den folgenden Bestimmungen, mit denen Sie sich durch Zugriff auf diese Webseiten einverstanden erkl\u00e4ren:<\/p>\n\n\n\n<p><strong>Urheberrecht:<\/strong><\/p>\n\n\n\n<p>Diese Webseiten dienen der Information \u00fcber die G\u00e4rtnerei Reitzenstein. Die Texte, Bilder, Grafiken und das Layout sowie die gesamte graphische Gestaltung dieser Seiten sind urheberrechtlich gesch\u00fctzt.<\/p>\n\n\n\n<p><strong>Haftungsausschluss f\u00fcr Informationen:<\/strong><\/p>\n\n\n\n<p>Die Inhalte dieser Webseiten dienen lediglich allgemeinen Informationszwecken. Auch wenn alle Angaben auf Ihre Richtigkeit und Vollst\u00e4ndigkeit gepr\u00fcft wurden, k\u00f6nnen Sie trotzdem einmal Fehler oder Ungenauigkeiten enthalten. Die G\u00e4rtnerei Reitzenstein \u00fcbernimmt deshalb hinsichtlich der Richtigkeit, Vollst\u00e4ndigkeit und Aktualit\u00e4t ihrer Webseiten keine Haftung f\u00fcr Sch\u00e4den materieller oder ideeller Art, die durch die Nutzung fehlerhafter oder unvollst\u00e4ndiger Informationen innerhalb dieses Internetangebotes entstehen. Die G\u00e4rtnerei Reitzenstein beh\u00e4lt sich ausdr\u00fccklich vor, Teile der Seiten oder das gesamte Angebot ohne gesonderte Ank\u00fcndigung zu ver\u00e4ndern, zu erg\u00e4nzen, zu l\u00f6schen oder die Ver\u00f6ffentlichung zeitweise oder endg\u00fcltig einzustellen.<\/p>\n\n\n\n<p><\/p>\n\n\n\n<p><\/p>\n\n\n\n<h2 class=\"wp-block-heading\">AGB<\/h2>\n\n\n\n<p><strong>Unsere allgemeinen Gesch\u00e4fts- und Lieferbedingen<\/strong><\/p>\n\n\n\n<p><\/p>\n\n\n\n<p><br>Gerne nehmen wir Ihre W\u00fcnsche per E-Mail entgegen! (info@gaertnerei-reitzenstein.de)<\/p>\n\n\n\n<p><strong>Liefertermin\/ Lieferrythmus<\/strong><br>Sie erhalten Ihre Lieferung immer am gleichen Wochentag. Sie k\u00f6nnen Ihre G\u00e4rtnerkiste w\u00f6chentlich, 14-t\u00e4gig, 21-t\u00e4gig oder sporadisch beziehen.<\/p>\n\n\n\n<p><strong>Lieferort \/ Abstellplatz<\/strong><br>Wenn Sie bei der Anlieferung nicht zu Hause sind, stellen wir die Kiste auf Wunsch vor der Haust\u00fcre ab. Sollte es nicht m\u00f6glich sein, die Lieferung vor der Haust\u00fcr abzustellen, sind wir gerne bereit, mit Ihnen einen anderen Abstellort in der nahen Umgebung (z.B. in der Garage, im Hausflur, beim Nachbarn &#8230;) zu vereinbaren. Im Winter ist auf einen frostfreien Abstellort evtl. mit Isolierbox oder Wolldecke zu achten. Im Sommer sollte es einen Abstellplatz im Schatten geben.<\/p>\n\n\n\n<p><strong>Abrechnung \/ Bezahlung<\/strong><br>Die G\u00e4rtnerkiste wird monatlich per Bankeinzug bezahlt. Sie erhalten eine genaue Abrechnung mit jeder Lieferung. Die Abrechnung Ihrer Lieferung erfolgt auf den Cent genau, abh\u00e4ngig von Gewicht oder Menge und Preis der Einzelartikel. S\u00e4mtliche Ware bleibt bis zur vollst\u00e4ndigen Bezahlung unser Eigentum.<\/p>\n\n\n\n<p><strong>R\u00fccklastschriften \/ Zahlungsverzug<\/strong><br>Sollte es beim Einzug der offenen Betr\u00e4ge von Ihrem Konto zu einer R\u00fccklastschrift kommen, m\u00fcssen wir Ihnen den Betrag von 6,00 \u20ac, den uns die Bank berechnet, in Rechnung stellen. Wir behalten uns vor, Kunden die in Zahlungsverzug sind, f\u00fcr einen weiteren Verkauf zu sperren.<\/p>\n\n\n\n<p><strong>Preise<\/strong><br>Alle Preise enthalten die gesetzliche Mehrwertsteuer. Bei Obst und Gem\u00fcse unterliegen die Preise saisonalen Schwankungen und werden deswegen w\u00f6chentlich aktualisiert. Herkunft der Waren wird im Internetshop angegeben, jedoch behalten wir uns vor bei Bedarf Ware mit anderer Herkunft und Qualit\u00e4t zu liefern.<\/p>\n\n\n\n<p><strong>Lieferpauschale \/ Fahrtkostenanteil<\/strong><\/p>\n\n\n\n<p>Ab einem Bestellwert von 30 Euro liefern wir frei Haus. Bei einer Bestellung unter 30 Euro berechnen wir eine dynamische Liefergeb\u00fchr von bis zu 2,80 Euro.&nbsp;Eine nicht verschuldete Wertminderung geht nicht auf Ihre Lasten.<\/p>\n\n\n\n<p><strong>Frische der Ware\/Qualit\u00e4t<\/strong><br>Zum Schutz der Ware liefern wir mit Folienbeutel und Kistendeckel aus. Bei Kunden, die Ihre Ware nicht pers\u00f6nlich in Empfang nehmen (k\u00f6nnen), ist es besonders in den w\u00e4rmeren Monaten des Jahres schwierig, die Frische der Ware zu garantieren. Vor allem Salate leiden unter Hitze, K\u00e4lte und Zugluft. Im Winter ist auf einen frostgesch\u00fctzten Abstellort z.B. in Schuppen oder Garage zu achten. Evtl. eine warme Decke o.\u00e4. bereitlegen.<\/p>\n\n\n\n<p><strong>Reklamationen<\/strong><br>Sollte es vorkommen, dass Ihre Ware nicht in einem einwandfreien Zustand bei Ihnen angeliefert wurde, dass etwas fehlt oder falsch geliefert wurde, dann bitten wir Sie, uns dies baldm\u00f6glichst, sp\u00e4testens einen Tag nach der Belieferung, zu melden. Wir sind stets bem\u00fcht alle Reklamationen zu Ihrer Zufriedenheit zu bearbeiten.<\/p>\n\n\n\n<p><strong>Urlaub \/ Pause \/ Stornierung<br><\/strong>Sollten Sie einmal in Urlaub sein, ist das gar kein Problem. Ein kurzer Anruf oder eine schriftliche Nachricht bis 24 h vor Auslieferung und Ihre Lieferung wird f\u00fcr die betreffende Woche ausgesetzt.<\/p>\n\n\n\n<p><strong>K\u00fcndigung<\/strong><br>Sie k\u00f6nnen Ihre Kiste bis 24 h vor Auslieferung k\u00fcndigen.<\/p>\n\n\n\n<p>Beachtung der gesetzlichen Datenschutzbestimmungen<br>Die G\u00e4rtnerei Reitzenstein verpflichtet sich, im Rahmen der Bestellung durch den Kunden und der Kaufabwicklung die gesetzlichen Datenschutzbestimmungen einzuhalten, insbesondere das Bundesdatenschutzgesetz (BDSG) zu beachten, um hinreichenden Schutz und Sicherheit der K\u00e4uferdaten zu erreichen.<\/p>\n\n\n\n<p><strong>Widerruf<br><\/strong>(1) Widerrufsbelehrung<br>Der K\u00e4ufer kann die Vertragserkl\u00e4rung innerhalb von 2 Wochen ohne Angabe von Gr\u00fcnden in Textform (z. B. Brief, Fax, E-Mail) oder durch R\u00fccksendung der Sache widerrufen. Die Frist beginnt fr\u00fchestens mit Erhalt dieser Belehrung. Zur Wahrung der Widerrufsfrist gen\u00fcgt die rechtzeitige Absendung des Widerrufs oder der Sache. Der Widerruf ist zu richten an<br><br>G\u00e4rtnerei Reitzenstein<br>Sch\u00e4fereistr. 20a<br>97222 Rimpar<br>Email: gemuese-reitzenstein@gmx.de<br><br>(2) Widerrufsfolgen<br>Im Falle eines wirksamen Widerrufs sind die beiderseits empfangenen Leistungen zur\u00fcckzugew\u00e4hren und gegebenenfalls gezogene Nutzungen herauszugeben. Kann der Kunde die empfangene Leistung ganz oder teilweise nicht oder nur in verschlechtertem Zustand zur\u00fcckgew\u00e4hren, muss er insoweit gegebenenfalls Wertersatz leisten. Bei der \u00dcberlassung von Sachen gilt dies nicht, wenn die Verschlechterung der Sache ausschlie\u00dflich auf deren Pr\u00fcfung- wie sie etwa im Ladengesch\u00e4ft m\u00f6glich gewesen w\u00e4re- zur\u00fcckzuf\u00fchren ist. Im \u00dcbrigen kann der Kunde die Wertersatzpflicht vermeiden, in dem er die Sache nicht wie ein Eigent\u00fcmer in Gebrauch nimmt und alles unterl\u00e4sst, was deren Wert beeintr\u00e4chtigt. Dazu geh\u00f6ren auch die Besch\u00e4digung der Verpackung und das Brechen von Siegeln. Die Waren und Sachen werden von uns auf unsere Kosten und Gefahr abgeholt.<br>Die Kosten der R\u00fccksendung tr\u00e4gt der K\u00e4ufer, wenn der Kaufpreis (inkl. Mehrwertsteuer) der zur\u00fcckzusendenden Ware einen Betrag von 40,00 \u20ac nicht \u00fcbersteigt oder wenn bei einem h\u00f6heren Preis der Sache der Kunde die Gegenleistung oder eine Teilzahlung zum Zeitpunkt des Widerrufs noch nicht erbracht hat, es sei denn, dass die gelieferte Ware nicht der bestellten entspricht.<br>Hat der Kunde Wertminderung oder Wertersatz wegen gezogener Nutzungen zu leisten, wird pauschal ein Abzug in H\u00f6he von 15 % vorgenommen. Eine abweichende Bewertung des Wertersatzes beh\u00e4lt sich die G\u00e4rtnerei Reitzenstein vor. Der Wertersatz kann im Einzelfall die H\u00f6he des Kaufpreises erhalten. Der K\u00e4ufer ist zum Nachweis berechtigt, dass keine oder geringere Wertersatzkosten zu leisten sind. Auf die ausf\u00fchrlichen Informationen zu den Voraussetzungen und Folgen des Widerrufs auf unseren entsprechenden Serviceseiten weisen wir ausdr\u00fccklich hin.<\/p>\n\n\n\n<p><br><strong>Datenschutz<\/strong><br>Alle personenbezogenen Daten werden grunds\u00e4tzlich vertraulich behandelt. Die f\u00fcr die Gesch\u00e4ftsabwicklung notwendigen Daten werden gespeichert.<br>Ferner werden Adress- und Bestelldaten f\u00fcr eigene Marketingzwecke erhoben und verarbeitet. Bei der Datenverarbeitung werden Ihre schutzw\u00fcrdigen Belange gem\u00e4\u00df den gesetzlichen Bestimmungen ber\u00fccksichtigt.<br>Hinweis: Sie k\u00f6nnen der Nutzung, Verarbeitung bzw. \u00dcbermittlung Ihrer Daten zu Marketingzwecken jederzeit durch Mitteilung an<br><br>G\u00e4rtnerei Reitzenstein<br>Sch\u00e4fereistr. 20a<br>97222 Rimpar<br>Email: gemuese-reitzenstein@gmx.de<br><br>widersprechen bzw. Ihre Einwilligung widerrufen. Nach Erhalt Ihres Widerspruchs bzw. Widerrufs werden wir die hiervon betroffenen Daten nicht mehr zu Marketingzwecken nutzen und verarbeiten bzw. die weitere Zusendung von Werbemitteln einschlie\u00dflich unseres Kataloges unverz\u00fcglich einstellen.<\/p>\n","protected":false},"excerpt":{"rendered":"<p>Kontakt G\u00e4rtnerei Reitzenstein Sch\u00e4fereistr. 20 a97222 Rimpar Telefon: 0176 47335194Fax: 09365 890365 E-Mail: info@gaertnerei-reitzenstein.de Inhaber:Bastian ReitzensteinInhaltlich Verantwortlicher gem\u00e4\u00df \u00a7 55 Abs- 2 RStV: Bastian Reitzenstein Impressum Rechtliche Hinweise Die Nutzung &#8230;<\/p>\n","protected":false},"author":1,"featured_media":0,"parent":0,"menu_order":0,"comment_status":"closed","ping_status":"closed","template":"","meta":[],"_links":{"self":[{"href":"http:\/\/gaertnerei-reitzenstein.de\/index.php?rest_route=\/wp\/v2\/pages\/1543"}],"collection":[{"href":"http:\/\/gaertnerei-reitzenstein.de\/index.php?rest_route=\/wp\/v2\/pages"}],"about":[{"href":"http:\/\/gaertnerei-reitzenstein.de\/index.php?rest_route=\/wp\/v2\/types\/page"}],"author":[{"embeddable":true,"href":"http:\/\/gaertnerei-reitzenstein.de\/index.php?rest_route=\/wp\/v2\/users\/1"}],"replies":[{"embeddable":true,"href":"http:\/\/gaertnerei-reitzenstein.de\/index.php?rest_route=%2Fwp%2Fv2%2Fcomments&post=1543"}],"version-history":[{"count":11,"href":"http:\/\/gaertnerei-reitzenstein.de\/index.php?rest_route=\/wp\/v2\/pages\/1543\/revisions"}],"predecessor-version":[{"id":1952,"href":"http:\/\/gaertnerei-reitzenstein.de\/index.php?rest_route=\/wp\/v2\/pages\/1543\/revisions\/1952"}],"wp:attachment":[{"href":"http:\/\/gaertnerei-reitzenstein.de\/index.php?rest_route=%2Fwp%2Fv2%2Fmedia&parent=1543"}],"curies":[{"name":"wp","href":"https:\/\/api.w.org\/{rel}","templated":true}]}}