{"id":1532,"date":"2020-06-01T15:13:03","date_gmt":"2020-06-01T15:13:03","guid":{"rendered":"http:\/\/gartenbau-reitzenstein.de\/?page_id=1532"},"modified":"2020-09-02T14:48:12","modified_gmt":"2020-09-02T14:48:12","slug":"philosophie","status":"publish","type":"page","link":"http:\/\/gaertnerei-reitzenstein.de\/?page_id=1532","title":{"rendered":"Philosophie"},"content":{"rendered":"\n<h2 class=\"wp-block-heading\"><strong>Wir sind eine junge, moderne, naturnah ausgerichtete G\u00e4rtnerei.<\/strong><\/h2>\n\n\n\n<p>Unsere Zielsetzung ist nicht der industrielle Massenanbau, sondern der vielf\u00e4ltige Anbau heimischen Gem\u00fcses und dessen Direktvermarktung.<\/p>\n\n\n\n<figure class=\"wp-block-gallery columns-3 is-cropped wp-block-gallery-1 is-layout-flex\"><ul class=\"blocks-gallery-grid\"><li class=\"blocks-gallery-item\"><figure><img decoding=\"async\" loading=\"lazy\" width=\"768\" height=\"1024\" src=\"http:\/\/gartenbau-reitzenstein.de\/wp-content\/uploads\/2020\/06\/dc85d24c-6cde-4808-8864-030d56bb19b2-1-768x1024.jpeg\" alt=\"\" data-id=\"1557\" data-link=\"http:\/\/gartenbau-reitzenstein.de\/?attachment_id=1557\" class=\"wp-image-1557\" srcset=\"http:\/\/gaertnerei-reitzenstein.de\/wp-content\/uploads\/2020\/06\/dc85d24c-6cde-4808-8864-030d56bb19b2-1-768x1024.jpeg 768w, http:\/\/gaertnerei-reitzenstein.de\/wp-content\/uploads\/2020\/06\/dc85d24c-6cde-4808-8864-030d56bb19b2-1-225x300.jpeg 225w, http:\/\/gaertnerei-reitzenstein.de\/wp-content\/uploads\/2020\/06\/dc85d24c-6cde-4808-8864-030d56bb19b2-1-1152x1536.jpeg 1152w, http:\/\/gaertnerei-reitzenstein.de\/wp-content\/uploads\/2020\/06\/dc85d24c-6cde-4808-8864-030d56bb19b2-1.jpeg 1200w\" sizes=\"(max-width: 768px) 100vw, 768px\" \/><\/figure><\/li><li class=\"blocks-gallery-item\"><figure><img decoding=\"async\" loading=\"lazy\" width=\"768\" height=\"1024\" src=\"http:\/\/gartenbau-reitzenstein.de\/wp-content\/uploads\/2020\/06\/IMG_6229-768x1024.jpeg\" alt=\"\" data-id=\"1559\" data-full-url=\"http:\/\/gartenbau-reitzenstein.de\/wp-content\/uploads\/2020\/06\/IMG_6229-scaled.jpeg\" data-link=\"http:\/\/gartenbau-reitzenstein.de\/?attachment_id=1559\" class=\"wp-image-1559\" srcset=\"http:\/\/gaertnerei-reitzenstein.de\/wp-content\/uploads\/2020\/06\/IMG_6229-768x1024.jpeg 768w, http:\/\/gaertnerei-reitzenstein.de\/wp-content\/uploads\/2020\/06\/IMG_6229-225x300.jpeg 225w, http:\/\/gaertnerei-reitzenstein.de\/wp-content\/uploads\/2020\/06\/IMG_6229-1152x1536.jpeg 1152w, http:\/\/gaertnerei-reitzenstein.de\/wp-content\/uploads\/2020\/06\/IMG_6229-1536x2048.jpeg 1536w, http:\/\/gaertnerei-reitzenstein.de\/wp-content\/uploads\/2020\/06\/IMG_6229-scaled.jpeg 1920w\" sizes=\"(max-width: 768px) 100vw, 768px\" \/><\/figure><\/li><li class=\"blocks-gallery-item\"><figure><img decoding=\"async\" loading=\"lazy\" width=\"768\" height=\"1024\" src=\"http:\/\/gartenbau-reitzenstein.de\/wp-content\/uploads\/2020\/06\/127de307-cb1f-4cbe-b99d-34cfd215f97e-1-768x1024.jpeg\" alt=\"\" data-id=\"1555\" data-link=\"http:\/\/gartenbau-reitzenstein.de\/?attachment_id=1555\" class=\"wp-image-1555\" srcset=\"http:\/\/gaertnerei-reitzenstein.de\/wp-content\/uploads\/2020\/06\/127de307-cb1f-4cbe-b99d-34cfd215f97e-1-768x1024.jpeg 768w, http:\/\/gaertnerei-reitzenstein.de\/wp-content\/uploads\/2020\/06\/127de307-cb1f-4cbe-b99d-34cfd215f97e-1-225x300.jpeg 225w, http:\/\/gaertnerei-reitzenstein.de\/wp-content\/uploads\/2020\/06\/127de307-cb1f-4cbe-b99d-34cfd215f97e-1-1152x1536.jpeg 1152w, http:\/\/gaertnerei-reitzenstein.de\/wp-content\/uploads\/2020\/06\/127de307-cb1f-4cbe-b99d-34cfd215f97e-1.jpeg 1200w\" sizes=\"(max-width: 768px) 100vw, 768px\" \/><\/figure><\/li><\/ul><\/figure>\n\n\n\n<p>Bester Geschmack und h\u00f6chste Qualit\u00e4t stehen f\u00fcr unseren Familienbetrieb an erster Stelle &#8211; nur so k\u00f6nnen wir uns mit jedem Produkt, das wir an den Verbraucher weitergeben, identifizieren.<\/p>\n\n\n\n<p>F\u00fcr uns ist Nachhaltigkeit die Grundlage unseres Engagements.<\/p>\n\n\n\n<p>Von Beginn an stand der Wunsch nach einer m\u00f6glichst umweltvertr\u00e4glichen Anbauweise, sowie der direkte Kontakt zu unseren Kunden im Vordergrund.<\/p>\n\n\n\n<h3 class=\"wp-block-heading\"><strong>Einige unserer Ma\u00dfnahmen:<\/strong><\/h3>\n\n\n\n<ul><li>Wir setzen in unseren Gew\u00e4chsh\u00e4usern auf den Einsatz von N\u00fctzlingen, wie z.B. Schlupfwespen, und verzichten auf Sch\u00e4dlingsbek\u00e4mpfungsmittel, um ungebetenen G\u00e4sten wie L\u00e4usen auf den Pelz zu r\u00fccken.<br><\/li><li>Durch den Einsatz von Kulturschutznetzen ist es uns weitestgehend m\u00f6glich, unsere Freilandpflanzen vor Sch\u00e4dlingen zu bewahren.<br><\/li><li>Seit der Saison 2010 k\u00f6nnen wir auf &#8222;Schneckenkorn&#8220; verzichten, sondern beseitigen Schnecken durch den Einsatz unserer flei\u00dfigen Laufentenfamilie.<\/li><\/ul>\n\n\n\n<ul><li>Durch unsere gro\u00dfe Auswahl verschiedenster Gem\u00fcsearten ist es uns m\u00f6glich, eine weitgestellte Fruchtfolge zu verwirklichen. Aufgrund dieser Tatsache k\u00f6nnen wir vielen Pflanzenkrankheiten vorbeugen.<br><\/li><li>Gerade im Hinblick auf die aktuelle globale Klimasituation gewinnt der Einsatz der CO\u00b2-neutralen Produktion immer mehr an Bedeutung. Durch unsere Kooperation mit der ortsans\u00e4ssigen Biogasanlage ist es uns m\u00f6glich unsere Gew\u00e4chsh\u00e4user durch Nutzung von Abw\u00e4rme CO\u00b2-neutral zu heizen.<\/li><\/ul>\n\n\n\n<ul><li>Um die Grundwasservorr\u00e4te zu erhalten, bew\u00e4ssern wir unser Gem\u00fcse nur mit Regenwasser, das wir w\u00e4hrend des Jahres in unserem eigens daf\u00fcr angelegten See sammeln und zwischenspeichern. <\/li><\/ul>\n\n\n\n<p>Dar\u00fcber hinaus ist mit fortschrittlicher Anbau- und Arbeitstechnik eine ausgefeilte Kulturf\u00fchrung m\u00f6glich, mit der wir umweltschonend produzieren.<\/p>\n\n\n\n<p>Besonders hervorzuheben sind hier die neuesten Anlagen zur Steuerung von Klima und Bew\u00e4sserung im Gew\u00e4chshaus, mit deren Hilfe wir viele der in der herk\u00f6mmlichen Produktion n\u00f6tigen Pflanzenschutzma\u00dfnahmen vermeiden k\u00f6nnen.<\/p>\n","protected":false},"excerpt":{"rendered":"<p>Wir sind eine junge, moderne, naturnah ausgerichtete G\u00e4rtnerei. Unsere Zielsetzung ist nicht der industrielle Massenanbau, sondern der vielf\u00e4ltige Anbau heimischen Gem\u00fcses und dessen Direktvermarktung. Bester Geschmack und h\u00f6chste Qualit\u00e4t stehen &#8230;<\/p>\n","protected":false},"author":1,"featured_media":0,"parent":0,"menu_order":0,"comment_status":"closed","ping_status":"closed","template":"","meta":[],"_links":{"self":[{"href":"http:\/\/gaertnerei-reitzenstein.de\/index.php?rest_route=\/wp\/v2\/pages\/1532"}],"collection":[{"href":"http:\/\/gaertnerei-reitzenstein.de\/index.php?rest_route=\/wp\/v2\/pages"}],"about":[{"href":"http:\/\/gaertnerei-reitzenstein.de\/index.php?rest_route=\/wp\/v2\/types\/page"}],"author":[{"embeddable":true,"href":"http:\/\/gaertnerei-reitzenstein.de\/index.php?rest_route=\/wp\/v2\/users\/1"}],"replies":[{"embeddable":true,"href":"http:\/\/gaertnerei-reitzenstein.de\/index.php?rest_route=%2Fwp%2Fv2%2Fcomments&post=1532"}],"version-history":[{"count":10,"href":"http:\/\/gaertnerei-reitzenstein.de\/index.php?rest_route=\/wp\/v2\/pages\/1532\/revisions"}],"predecessor-version":[{"id":1753,"href":"http:\/\/gaertnerei-reitzenstein.de\/index.php?rest_route=\/wp\/v2\/pages\/1532\/revisions\/1753"}],"wp:attachment":[{"href":"http:\/\/gaertnerei-reitzenstein.de\/index.php?rest_route=%2Fwp%2Fv2%2Fmedia&parent=1532"}],"curies":[{"name":"wp","href":"https:\/\/api.w.org\/{rel}","templated":true}]}}