{"id":1529,"date":"2020-06-01T15:11:13","date_gmt":"2020-06-01T15:11:13","guid":{"rendered":"http:\/\/gartenbau-reitzenstein.de\/?page_id=1529"},"modified":"2025-04-28T20:58:26","modified_gmt":"2025-04-28T20:58:26","slug":"verkaufstaetten","status":"publish","type":"page","link":"http:\/\/gaertnerei-reitzenstein.de\/?page_id=1529","title":{"rendered":"Verkaufst\u00e4tten"},"content":{"rendered":"\n<h2 class=\"wp-block-heading has-text-color\" style=\"color:#84a83e\">Obst und Gem\u00fcse aus eigenem Anbau&#8230;<\/h2>\n\n\n\n<p>Wir bieten Ihnen eine gro\u00dfe Auswahl an einheimischen Produkten, direkt aus der G\u00e4rtnerei an den Endverbraucher.<\/p>\n\n\n\n<p><strong>Die Direktvermarktung in unseren Verkaufsstellen gew\u00e4hrleistet Ihnen stets Qualit\u00e4t und Frische aus der Region f\u00fcr die Region!!!<\/strong><\/p>\n\n\n<div class=\"wp-block-image is-style-rounded\">\n<figure class=\"aligncenter size-large is-resized\"><img decoding=\"async\" loading=\"lazy\" src=\"http:\/\/gaertnerei-reitzenstein.de\/wp-content\/uploads\/2021\/12\/WhatsApp-Image-2021-12-19-at-22.31.18.jpeg\" alt=\"\" class=\"wp-image-1810\" width=\"203\" height=\"271\" srcset=\"http:\/\/gaertnerei-reitzenstein.de\/wp-content\/uploads\/2021\/12\/WhatsApp-Image-2021-12-19-at-22.31.18.jpeg 768w, http:\/\/gaertnerei-reitzenstein.de\/wp-content\/uploads\/2021\/12\/WhatsApp-Image-2021-12-19-at-22.31.18-225x300.jpeg 225w\" sizes=\"(max-width: 203px) 100vw, 203px\" \/><figcaption class=\"wp-element-caption\"><strong>Onlineshop<\/strong><br><strong><span style=\"color:#84a83e\" class=\"has-inline-color\">-&gt;<em><a href=\"http:\/\/gaertnerei-reitzenstein.de\/?page_id=1813\">L<\/a><\/em><\/span><\/strong><em><span style=\"color:#84a83e\" class=\"has-inline-color\"><strong><a href=\"http:\/\/gaertnerei-reitzenstein.de\/?page_id=1813\">IEFERGEBIET<\/a><\/strong><\/span><\/em><\/figcaption><\/figure><\/div>\n\n\n<div class=\"wp-block-columns is-layout-flex wp-container-4\">\n<div class=\"wp-block-column is-layout-flow\"><div class=\"wp-block-image is-style-rounded\">\n<figure class=\"aligncenter size-large\"><a href=\"http:\/\/gartenbau-reitzenstein.de\/?page_id=1602\"><img decoding=\"async\" loading=\"lazy\" width=\"600\" height=\"450\" src=\"http:\/\/gartenbau-reitzenstein.de\/wp-content\/uploads\/2020\/06\/verkauf_rimpar2_600.png\" alt=\"\" class=\"wp-image-1625\" srcset=\"http:\/\/gaertnerei-reitzenstein.de\/wp-content\/uploads\/2020\/06\/verkauf_rimpar2_600.png 600w, http:\/\/gaertnerei-reitzenstein.de\/wp-content\/uploads\/2020\/06\/verkauf_rimpar2_600-300x225.png 300w\" sizes=\"(max-width: 600px) 100vw, 600px\" \/><\/a><figcaption class=\"wp-element-caption\"><strong>Gem\u00fcseladen Rimpar<\/strong><br>Niederhoferstr. 9<br>Rimpar<br><strong><em><a href=\"http:\/\/gartenbau-reitzenstein.de\/?page_id=1602\">-&gt; \u00d6FFNUNGSZEITEN<\/a><\/em><\/strong><\/figcaption><\/figure><\/div>\n\n<div class=\"wp-block-image is-style-rounded\">\n<figure class=\"aligncenter size-full\"><a href=\"http:\/\/gartenbau-reitzenstein.de\/?page_id=1605\"><img decoding=\"async\" loading=\"lazy\" width=\"192\" height=\"142\" src=\"http:\/\/gartenbau-reitzenstein.de\/wp-content\/uploads\/2020\/06\/wp597061ae_05_06.jpg\" alt=\"\" class=\"wp-image-1576\"\/><\/a><figcaption class=\"wp-element-caption\"><strong>Wochenm\u00e4rkte<\/strong><br>&#8211; Waldb\u00fcttelbrunn<br>&#8211; H\u00f6chberg<br>&#8211; Veitsh\u00f6chheim<br>&#8211; Gerbrunn<br><strong><em>&#8211;<a href=\"http:\/\/gartenbau-reitzenstein.de\/?page_id=1605\">> \u00d6FFNUNGSZEITEN<\/a><\/em><\/strong><\/figcaption><\/figure><\/div>\n\n\n<p><\/p>\n<\/div>\n\n\n\n<div class=\"wp-block-column is-layout-flow\"><div class=\"wp-block-image is-style-rounded\">\n<figure class=\"aligncenter size-large\"><a href=\"http:\/\/gartenbau-reitzenstein.de\/?page_id=1603\"><img decoding=\"async\" loading=\"lazy\" width=\"600\" height=\"450\" src=\"http:\/\/gartenbau-reitzenstein.de\/wp-content\/uploads\/2020\/06\/Verkauf_markt3_600.png\" alt=\"\" class=\"wp-image-1634\" srcset=\"http:\/\/gaertnerei-reitzenstein.de\/wp-content\/uploads\/2020\/06\/Verkauf_markt3_600.png 600w, http:\/\/gaertnerei-reitzenstein.de\/wp-content\/uploads\/2020\/06\/Verkauf_markt3_600-300x225.png 300w\" sizes=\"(max-width: 600px) 100vw, 600px\" \/><\/a><figcaption class=\"wp-element-caption\"><strong>Marktstand W\u00fcrzburg<\/strong><br> &#8222;Unterer Markt&#8220; unter dem Glasdach<br><strong><em><a href=\"http:\/\/gartenbau-reitzenstein.de\/?page_id=1603\">-&gt; \u00d6FFNUNGSZEITEN<\/a><\/em><\/strong><\/figcaption><\/figure><\/div>\n\n<div class=\"wp-block-image is-style-rounded\">\n<figure class=\"aligncenter size-large\"><a href=\"http:\/\/gartenbau-reitzenstein.de\/?page_id=1605\"><img decoding=\"async\" loading=\"lazy\" width=\"1024\" height=\"683\" src=\"http:\/\/gartenbau-reitzenstein.de\/wp-content\/uploads\/2020\/06\/58133F7D-1251-4E45-96A5-3BFF9D1445DB_1_201_a-1024x683.jpeg\" alt=\"\" class=\"wp-image-1680\" srcset=\"http:\/\/gaertnerei-reitzenstein.de\/wp-content\/uploads\/2020\/06\/58133F7D-1251-4E45-96A5-3BFF9D1445DB_1_201_a-1024x683.jpeg 1024w, http:\/\/gaertnerei-reitzenstein.de\/wp-content\/uploads\/2020\/06\/58133F7D-1251-4E45-96A5-3BFF9D1445DB_1_201_a-300x200.jpeg 300w, http:\/\/gaertnerei-reitzenstein.de\/wp-content\/uploads\/2020\/06\/58133F7D-1251-4E45-96A5-3BFF9D1445DB_1_201_a-768x512.jpeg 768w, http:\/\/gaertnerei-reitzenstein.de\/wp-content\/uploads\/2020\/06\/58133F7D-1251-4E45-96A5-3BFF9D1445DB_1_201_a-1536x1024.jpeg 1536w, http:\/\/gaertnerei-reitzenstein.de\/wp-content\/uploads\/2020\/06\/58133F7D-1251-4E45-96A5-3BFF9D1445DB_1_201_a-2048x1365.jpeg 2048w\" sizes=\"(max-width: 1024px) 100vw, 1024px\" \/><\/a><figcaption class=\"wp-element-caption\"><strong>Bauernmarkt<\/strong><br>&#8211; W\u00fcrzburger Bauernmarkt, B\u00fcrgerbr\u00e4ugel\u00e4nde Zellerau<br>&#8211; Rottendorfer Bauernmarkt, <br>Kirchplatz<br>&#8211; Lengfelder Bauernmarkt, K\u00fcrnachtalhalle <br> <strong><em><a href=\"http:\/\/gartenbau-reitzenstein.de\/?page_id=1605\">-&gt; \u00d6FFNUNGSZEITEN<\/a><\/em><\/strong><\/figcaption><\/figure><\/div>\n\n\n<p><\/p>\n<\/div>\n\n\n\n<div class=\"wp-block-column is-vertically-aligned-top is-layout-flow\">\n<figure class=\"wp-block-image size-large is-style-rounded\"><a href=\"http:\/\/gartenbau-reitzenstein.de\/?page_id=1603\"><img decoding=\"async\" loading=\"lazy\" width=\"1024\" height=\"731\" src=\"http:\/\/gartenbau-reitzenstein.de\/wp-content\/uploads\/2020\/06\/9447CA69-4386-41EB-88EF-4E41473044EE_1_201_a-1024x731.jpeg\" alt=\"\" class=\"wp-image-1679\" srcset=\"http:\/\/gaertnerei-reitzenstein.de\/wp-content\/uploads\/2020\/06\/9447CA69-4386-41EB-88EF-4E41473044EE_1_201_a-1024x731.jpeg 1024w, http:\/\/gaertnerei-reitzenstein.de\/wp-content\/uploads\/2020\/06\/9447CA69-4386-41EB-88EF-4E41473044EE_1_201_a-300x214.jpeg 300w, http:\/\/gaertnerei-reitzenstein.de\/wp-content\/uploads\/2020\/06\/9447CA69-4386-41EB-88EF-4E41473044EE_1_201_a-768x548.jpeg 768w, http:\/\/gaertnerei-reitzenstein.de\/wp-content\/uploads\/2020\/06\/9447CA69-4386-41EB-88EF-4E41473044EE_1_201_a.jpeg 1167w\" sizes=\"(max-width: 1024px) 100vw, 1024px\" \/><\/a><figcaption class=\"wp-element-caption\"><strong>Gem\u00fcseladen Sanderau<\/strong><br>Friedrich-Spee-Str. 20<br>W\u00fcrzburg<br><strong><em><a href=\"http:\/\/gartenbau-reitzenstein.de\/?page_id=1603\">-&gt; \u00d6FFNUNGSZEITEN<\/a><\/em><\/strong><\/figcaption><\/figure>\n\n\n<div class=\"wp-block-image is-style-rounded\">\n<figure class=\"aligncenter size-large is-resized\"><a href=\"http:\/\/gartenbau-reitzenstein.de\/?page_id=1606\"><img decoding=\"async\" loading=\"lazy\" src=\"http:\/\/gartenbau-reitzenstein.de\/wp-content\/uploads\/2020\/06\/huette_verkauf.png\" alt=\"\" class=\"wp-image-1583\" width=\"161\" height=\"121\"\/><\/a><figcaption class=\"wp-element-caption\"><strong>Verkaufsh\u00fctten<\/strong><br>&#8211; Estenfeld Kreisverkehr B19<br>&#8211; Lengfeld Blumenfeld<br>&#8211; Gut W\u00f6llried<br><strong><em><a href=\"http:\/\/gartenbau-reitzenstein.de\/?page_id=1606\">-&gt; \u00d6FFNUNGSZEITEN<\/a><\/em><\/strong><\/figcaption><\/figure><\/div>\n\n\n<p><\/p>\n<\/div>\n<\/div>\n\n\n\n<div class=\"wp-block-buttons is-layout-flex\"><\/div>\n\n\n\n<div class=\"wp-block-columns is-layout-flex wp-container-9\">\n<div class=\"wp-block-column is-layout-flow\">\n<p><\/p>\n\n\n\n<p><\/p>\n<\/div>\n\n\n\n<div class=\"wp-block-column is-layout-flow\"><\/div>\n\n\n\n<div class=\"wp-block-column is-layout-flow\"><\/div>\n<\/div>\n","protected":false},"excerpt":{"rendered":"<p>Obst und Gem\u00fcse aus eigenem Anbau&#8230; Wir bieten Ihnen eine gro\u00dfe Auswahl an einheimischen Produkten, direkt aus der G\u00e4rtnerei an den Endverbraucher. Die Direktvermarktung in unseren Verkaufsstellen gew\u00e4hrleistet Ihnen stets &#8230;<\/p>\n","protected":false},"author":1,"featured_media":0,"parent":0,"menu_order":0,"comment_status":"closed","ping_status":"closed","template":"","meta":[],"_links":{"self":[{"href":"http:\/\/gaertnerei-reitzenstein.de\/index.php?rest_route=\/wp\/v2\/pages\/1529"}],"collection":[{"href":"http:\/\/gaertnerei-reitzenstein.de\/index.php?rest_route=\/wp\/v2\/pages"}],"about":[{"href":"http:\/\/gaertnerei-reitzenstein.de\/index.php?rest_route=\/wp\/v2\/types\/page"}],"author":[{"embeddable":true,"href":"http:\/\/gaertnerei-reitzenstein.de\/index.php?rest_route=\/wp\/v2\/users\/1"}],"replies":[{"embeddable":true,"href":"http:\/\/gaertnerei-reitzenstein.de\/index.php?rest_route=%2Fwp%2Fv2%2Fcomments&post=1529"}],"version-history":[{"count":26,"href":"http:\/\/gaertnerei-reitzenstein.de\/index.php?rest_route=\/wp\/v2\/pages\/1529\/revisions"}],"predecessor-version":[{"id":1960,"href":"http:\/\/gaertnerei-reitzenstein.de\/index.php?rest_route=\/wp\/v2\/pages\/1529\/revisions\/1960"}],"wp:attachment":[{"href":"http:\/\/gaertnerei-reitzenstein.de\/index.php?rest_route=%2Fwp%2Fv2%2Fmedia&parent=1529"}],"curies":[{"name":"wp","href":"https:\/\/api.w.org\/{rel}","templated":true}]}}